{"id":38,"date":"2026-01-20T16:32:22","date_gmt":"2026-01-20T16:32:22","guid":{"rendered":"https:\/\/italietourisme.info\/?page_id=38"},"modified":"2026-02-17T10:07:25","modified_gmt":"2026-02-17T10:07:25","slug":"contact","status":"publish","type":"page","link":"https:\/\/italietourisme.info\/it\/contact\/","title":{"rendered":"Contatti"},"content":{"rendered":"\n<p>Le site&nbsp;<strong>Italietourisme.info&nbsp;<\/strong>appartient \u00e0 l&#8217;entreprise&nbsp;<a href=\"https:\/\/www.sacconicase.it\/?lang=fr\">SacconiCase<\/a>, locations saisonni\u00e8res \u00e0 la semaine (Italie, Croatie, Espagne)<\/p>\n\n\n\n<p>Nous contacter par&nbsp;<a href=\"mailto:info@sacconicase.it?subject=message%20depuis%20le%20site%20ItalieTourisme\">E-MAIL<\/a><\/p>\n","protected":false},"excerpt":{"rendered":"<p>Le site&nbsp;Italietourisme.info&nbsp;appartient \u00e0 l&#8217;entreprise&nbsp;SacconiCase, locations saisonni\u00e8res \u00e0 la semaine (Italie, Croatie, Espagne) Nous contacter par&nbsp;E-MAIL<\/p>\n","protected":false},"author":2,"featured_media":0,"parent":0,"menu_order":0,"comment_status":"closed","ping_status":"closed","template":"","meta":{"footnotes":""},"class_list":["post-38","page","type-page","status-publish","hentry"],"_links":{"self":[{"href":"https:\/\/italietourisme.info\/it\/wp-json\/wp\/v2\/pages\/38","targetHints":{"allow":["GET"]}}],"collection":[{"href":"https:\/\/italietourisme.info\/it\/wp-json\/wp\/v2\/pages"}],"about":[{"href":"https:\/\/italietourisme.info\/it\/wp-json\/wp\/v2\/types\/page"}],"author":[{"embeddable":true,"href":"https:\/\/italietourisme.info\/it\/wp-json\/wp\/v2\/users\/2"}],"replies":[{"embeddable":true,"href":"https:\/\/italietourisme.info\/it\/wp-json\/wp\/v2\/comments?post=38"}],"version-history":[{"count":1,"href":"https:\/\/italietourisme.info\/it\/wp-json\/wp\/v2\/pages\/38\/revisions"}],"predecessor-version":[{"id":39,"href":"https:\/\/italietourisme.info\/it\/wp-json\/wp\/v2\/pages\/38\/revisions\/39"}],"wp:attachment":[{"href":"https:\/\/italietourisme.info\/it\/wp-json\/wp\/v2\/media?parent=38"}],"curies":[{"name":"wp","href":"https:\/\/api.w.org\/{rel}","templated":true}]}}